{"id":10909,"date":"2023-05-17T10:44:51","date_gmt":"2023-05-17T10:44:51","guid":{"rendered":"https:\/\/ibzviptransfer.com\/politica-de-privacidad\/"},"modified":"2024-04-19T18:17:55","modified_gmt":"2024-04-19T18:17:55","slug":"politica-de-privacidad","status":"publish","type":"page","link":"https:\/\/ibzviptransfer.com\/en\/politica-de-privacidad\/","title":{"rendered":"Pol\u00edtica de Privacidad"},"content":{"rendered":"<p><strong>IDENTIDAD DEL RESPONSABLE DEL TRATAMIENTO<\/strong><\/p>\n<p>BERNAT CENTRAL SERVICE IBIZA S.L con CIF B57858276, en adelante el BERNAT, con domicilio en Ibiza (Islas Baleares), en C\/ Pol\u00edgono 20 Parcela 209, 07819, Santa Eularia des Riu, Ibiza, Islas Balaeres Espa\u00f1a, y correo electr\u00f3nico info@ibzviptransfer.com, es el Titular de \u00e9sta Web y Responsable del Tratamiento de Datos Personales del Usuario y le informa que la informaci\u00f3n facilitada ser\u00e1 tratada de conformidad con lo dispuesto por el Reglamento UE de Protecci\u00f3n de Datos 679\/2016 y la Ley Org\u00e1nica 3\/2018 de Protecci\u00f3n de Datos Personales y garant\u00eda de los derechos digitales), inform\u00e1ndole que:<br \/>\n<strong><br \/>\n2. FINALIDADES Y LEGITIMACI\u00d3N DEL TRATAMIENTO<\/strong><\/p>\n<p>Ofrecerle una mejor experiencia de Usuario a trav\u00e9s de mejoras que implantemos en la interfaz y operativa web Enviarle comunicaciones informativas y\/o promocionales si Vd. facilita sus datos de contacto y consentimiento.<br \/>\n<strong><br \/>\n3. PLAZOS DE CONSERVACI\u00d3N<\/strong><\/p>\n<p>Los datos proporcionados se conservar\u00e1n hasta que el Usuario solicite la supresi\u00f3n de sus datos. Una vez comunicado por parte del interesado la supresi\u00f3n de sus datos, se proceder\u00e1 a su bloqueo y posterior cancelaci\u00f3n en nuestros ficheros o devoluci\u00f3n al titular de los datos, seg\u00fan el caso, de los soportes en los que se recoja la informaci\u00f3n facilitada, sin que se admita la conservaci\u00f3n de copias de dicha informaci\u00f3n.<\/p>\n<p><strong>4. COMUNICACI\u00d3N DE LAS DATOS A TERCEROS<\/strong><\/p>\n<p>Sus datos \u00fanicamente ser\u00e1n utilizados para los fines antes se\u00f1alados y no ser\u00e1n cedidos a terceros, salvo aquellas comunicaciones a las Autoridades, Organismos u Oficinas de las Administraciones P\u00fablicas que fueran consentidas por el Usuario o persona autorizada por \u00e9l\/ella para el adecuado cumplimiento de las obligaciones nacidas de los servicios prestados, o que resultaren preceptivas o autorizadas por Ley.<br \/>\n<strong><br \/>\n5. DEBER DE CONFIDENCIALIDAD<\/strong><\/p>\n<p>El RESPTTO garantiza la confidencialidad de los datos personales que obren en sus ficheros y adoptar\u00e1 las medidas reglamentarias que eviten, en la medida de lo posible, su alteraci\u00f3n, p\u00e9rdida, tratamiento o acceso no autorizado.<\/p>\n<p><strong>6. EJERCICIO DE DERECHOS<\/strong><\/p>\n<p>El Usuario tiene derecho a acceder a sus datos personales, rectificar los datos inexactos o solicitar su supresi\u00f3n cuando los datos ya no sean necesarios. En determinadas ocasiones los interesados podr\u00e1n solicitar la limitaci\u00f3n del tratamiento de sus datos, en cuyo caso \u00fanicamente los conservaremos para el ejercicio o la defensa de reclamaciones. El Usuario puede ejercitar sus derechos debiendo dirigir su petici\u00f3n por escrito e identific\u00e1nose suficientemente a la direcci\u00f3n electronica info@ibzviptransfer.com. Tambi\u00e9n tiene derecho a retirar su consentimiento al tratamiento de sus datos personales en cualquier momento y a presentar la reclamaci\u00f3n que considere oportuna ante la Autoridad de Control.<\/p>\n<p>&nbsp;<\/p>\n<p>&nbsp;<\/p>\n","protected":false},"excerpt":{"rendered":"<p>IDENTIDAD DEL RESPONSABLE DEL TRATAMIENTO BERNAT CENTRAL SERVICE IBIZA S.L con CIF B57858276, en adelante el BERNAT, con domicilio en Ibiza (Islas Baleares), en C\/ Pol\u00edgono 20 Parcela 209, 07819, Santa Eularia des Riu, Ibiza, Islas Balaeres Espa\u00f1a, y correo electr\u00f3nico info@ibzviptransfer.com, es el Titular de \u00e9sta Web y Responsable del Tratamiento de Datos Personales [&hellip;]<\/p>\n","protected":false},"author":1,"featured_media":0,"parent":0,"menu_order":0,"comment_status":"closed","ping_status":"closed","template":"","meta":{"_et_pb_use_builder":"","_et_pb_old_content":"","_et_gb_content_width":"","footnotes":""},"class_list":["post-10909","page","type-page","status-publish","hentry"],"yoast_head":"<!-- This site is optimized with the Yoast SEO plugin v25.6 - https:\/\/yoast.com\/wordpress\/plugins\/seo\/ -->\n<title>Pol\u00edtica de Privacidad - Ibiza Vip Transfer<\/title>\n<meta name=\"robots\" content=\"index, follow, max-snippet:-1, max-image-preview:large, max-video-preview:-1\" \/>\n<link rel=\"canonical\" href=\"https:\/\/ibzviptransfer.com\/en\/politica-de-privacidad\/\" \/>\n<meta property=\"og:locale\" content=\"en_US\" \/>\n<meta property=\"og:type\" content=\"article\" \/>\n<meta property=\"og:title\" content=\"Pol\u00edtica de Privacidad - Ibiza Vip Transfer\" \/>\n<meta property=\"og:description\" content=\"IDENTIDAD DEL RESPONSABLE DEL TRATAMIENTO BERNAT CENTRAL SERVICE IBIZA S.L con CIF B57858276, en adelante el BERNAT, con domicilio en Ibiza (Islas Baleares), en C\/ Pol\u00edgono 20 Parcela 209, 07819, Santa Eularia des Riu, Ibiza, Islas Balaeres Espa\u00f1a, y correo electr\u00f3nico info@ibzviptransfer.com, es el Titular de \u00e9sta Web y Responsable del Tratamiento de Datos Personales [&hellip;]\" \/>\n<meta property=\"og:url\" content=\"https:\/\/ibzviptransfer.com\/en\/politica-de-privacidad\/\" \/>\n<meta property=\"og:site_name\" content=\"Ibiza Vip Transfer\" \/>\n<meta property=\"article:publisher\" content=\"https:\/\/www.facebook.com\/ibzviptransfer\" \/>\n<meta property=\"article:modified_time\" content=\"2024-04-19T18:17:55+00:00\" \/>\n<meta property=\"og:image\" content=\"https:\/\/ibzviptransfer.com\/wp-content\/uploads\/2017\/11\/disblack.jpg\" \/>\n\t<meta property=\"og:image:width\" content=\"1536\" \/>\n\t<meta property=\"og:image:height\" content=\"967\" \/>\n\t<meta property=\"og:image:type\" content=\"image\/jpeg\" \/>\n<meta name=\"twitter:card\" content=\"summary_large_image\" \/>\n<meta name=\"twitter:site\" content=\"@ibzviptransfer\" \/>\n<meta name=\"twitter:label1\" content=\"Est. reading time\" \/>\n\t<meta name=\"twitter:data1\" content=\"2 minutes\" \/>\n<script type=\"application\/ld+json\" class=\"yoast-schema-graph\">{\"@context\":\"https:\/\/schema.org\",\"@graph\":[{\"@type\":\"WebPage\",\"@id\":\"https:\/\/ibzviptransfer.com\/en\/politica-de-privacidad\/\",\"url\":\"https:\/\/ibzviptransfer.com\/en\/politica-de-privacidad\/\",\"name\":\"Pol\u00edtica de Privacidad - Ibiza Vip Transfer\",\"isPartOf\":{\"@id\":\"https:\/\/ibzviptransfer.com\/en\/#website\"},\"datePublished\":\"2023-05-17T10:44:51+00:00\",\"dateModified\":\"2024-04-19T18:17:55+00:00\",\"breadcrumb\":{\"@id\":\"https:\/\/ibzviptransfer.com\/en\/politica-de-privacidad\/#breadcrumb\"},\"inLanguage\":\"en-US\",\"potentialAction\":[{\"@type\":\"ReadAction\",\"target\":[\"https:\/\/ibzviptransfer.com\/en\/politica-de-privacidad\/\"]}]},{\"@type\":\"BreadcrumbList\",\"@id\":\"https:\/\/ibzviptransfer.com\/en\/politica-de-privacidad\/#breadcrumb\",\"itemListElement\":[{\"@type\":\"ListItem\",\"position\":1,\"name\":\"Portada\",\"item\":\"https:\/\/ibzviptransfer.com\/en\/\"},{\"@type\":\"ListItem\",\"position\":2,\"name\":\"Pol\u00edtica de Privacidad\"}]},{\"@type\":\"WebSite\",\"@id\":\"https:\/\/ibzviptransfer.com\/en\/#website\",\"url\":\"https:\/\/ibzviptransfer.com\/en\/\",\"name\":\"Ibiza Vip Transfer\",\"description\":\"Traslados vip en Ibiza con chofer Transfer aeropuerto\",\"publisher\":{\"@id\":\"https:\/\/ibzviptransfer.com\/en\/#organization\"},\"alternateName\":\"Ibz Vip Transfer\",\"potentialAction\":[{\"@type\":\"SearchAction\",\"target\":{\"@type\":\"EntryPoint\",\"urlTemplate\":\"https:\/\/ibzviptransfer.com\/en\/?s={search_term_string}\"},\"query-input\":{\"@type\":\"PropertyValueSpecification\",\"valueRequired\":true,\"valueName\":\"search_term_string\"}}],\"inLanguage\":\"en-US\"},{\"@type\":\"Organization\",\"@id\":\"https:\/\/ibzviptransfer.com\/en\/#organization\",\"name\":\"IBZ Vip Transfer\",\"alternateName\":\"Ibiza Vip Transfer\",\"url\":\"https:\/\/ibzviptransfer.com\/en\/\",\"logo\":{\"@type\":\"ImageObject\",\"inLanguage\":\"en-US\",\"@id\":\"https:\/\/ibzviptransfer.com\/en\/#\/schema\/logo\/image\/\",\"url\":\"https:\/\/ibzviptransfer.com\/wp-content\/uploads\/2017\/11\/disblack.jpg\",\"contentUrl\":\"https:\/\/ibzviptransfer.com\/wp-content\/uploads\/2017\/11\/disblack.jpg\",\"width\":1536,\"height\":967,\"caption\":\"IBZ Vip Transfer\"},\"image\":{\"@id\":\"https:\/\/ibzviptransfer.com\/en\/#\/schema\/logo\/image\/\"},\"sameAs\":[\"https:\/\/www.facebook.com\/ibzviptransfer\",\"https:\/\/x.com\/ibzviptransfer\",\"https:\/\/www.tiktok.com\/@ibzviptransfer\",\"https:\/\/www.instagram.com\/ibzviptransfer\/\",\"https:\/\/www.linkedin.com\/company\/92787966\/admin\/?feedType=following\"]}]}<\/script>\n<!-- \/ Yoast SEO plugin. -->","yoast_head_json":{"title":"Pol\u00edtica de Privacidad - Ibiza Vip Transfer","robots":{"index":"index","follow":"follow","max-snippet":"max-snippet:-1","max-image-preview":"max-image-preview:large","max-video-preview":"max-video-preview:-1"},"canonical":"https:\/\/ibzviptransfer.com\/en\/politica-de-privacidad\/","og_locale":"en_US","og_type":"article","og_title":"Pol\u00edtica de Privacidad - Ibiza Vip Transfer","og_description":"IDENTIDAD DEL RESPONSABLE DEL TRATAMIENTO BERNAT CENTRAL SERVICE IBIZA S.L con CIF B57858276, en adelante el BERNAT, con domicilio en Ibiza (Islas Baleares), en C\/ Pol\u00edgono 20 Parcela 209, 07819, Santa Eularia des Riu, Ibiza, Islas Balaeres Espa\u00f1a, y correo electr\u00f3nico info@ibzviptransfer.com, es el Titular de \u00e9sta Web y Responsable del Tratamiento de Datos Personales [&hellip;]","og_url":"https:\/\/ibzviptransfer.com\/en\/politica-de-privacidad\/","og_site_name":"Ibiza Vip Transfer","article_publisher":"https:\/\/www.facebook.com\/ibzviptransfer","article_modified_time":"2024-04-19T18:17:55+00:00","og_image":[{"width":1536,"height":967,"url":"https:\/\/ibzviptransfer.com\/wp-content\/uploads\/2017\/11\/disblack.jpg","type":"image\/jpeg"}],"twitter_card":"summary_large_image","twitter_site":"@ibzviptransfer","twitter_misc":{"Est. reading time":"2 minutes"},"schema":{"@context":"https:\/\/schema.org","@graph":[{"@type":"WebPage","@id":"https:\/\/ibzviptransfer.com\/en\/politica-de-privacidad\/","url":"https:\/\/ibzviptransfer.com\/en\/politica-de-privacidad\/","name":"Pol\u00edtica de Privacidad - Ibiza Vip Transfer","isPartOf":{"@id":"https:\/\/ibzviptransfer.com\/en\/#website"},"datePublished":"2023-05-17T10:44:51+00:00","dateModified":"2024-04-19T18:17:55+00:00","breadcrumb":{"@id":"https:\/\/ibzviptransfer.com\/en\/politica-de-privacidad\/#breadcrumb"},"inLanguage":"en-US","potentialAction":[{"@type":"ReadAction","target":["https:\/\/ibzviptransfer.com\/en\/politica-de-privacidad\/"]}]},{"@type":"BreadcrumbList","@id":"https:\/\/ibzviptransfer.com\/en\/politica-de-privacidad\/#breadcrumb","itemListElement":[{"@type":"ListItem","position":1,"name":"Portada","item":"https:\/\/ibzviptransfer.com\/en\/"},{"@type":"ListItem","position":2,"name":"Pol\u00edtica de Privacidad"}]},{"@type":"WebSite","@id":"https:\/\/ibzviptransfer.com\/en\/#website","url":"https:\/\/ibzviptransfer.com\/en\/","name":"Ibiza Vip Transfer","description":"Traslados vip en Ibiza con chofer Transfer aeropuerto","publisher":{"@id":"https:\/\/ibzviptransfer.com\/en\/#organization"},"alternateName":"Ibz Vip Transfer","potentialAction":[{"@type":"SearchAction","target":{"@type":"EntryPoint","urlTemplate":"https:\/\/ibzviptransfer.com\/en\/?s={search_term_string}"},"query-input":{"@type":"PropertyValueSpecification","valueRequired":true,"valueName":"search_term_string"}}],"inLanguage":"en-US"},{"@type":"Organization","@id":"https:\/\/ibzviptransfer.com\/en\/#organization","name":"IBZ Vip Transfer","alternateName":"Ibiza Vip Transfer","url":"https:\/\/ibzviptransfer.com\/en\/","logo":{"@type":"ImageObject","inLanguage":"en-US","@id":"https:\/\/ibzviptransfer.com\/en\/#\/schema\/logo\/image\/","url":"https:\/\/ibzviptransfer.com\/wp-content\/uploads\/2017\/11\/disblack.jpg","contentUrl":"https:\/\/ibzviptransfer.com\/wp-content\/uploads\/2017\/11\/disblack.jpg","width":1536,"height":967,"caption":"IBZ Vip Transfer"},"image":{"@id":"https:\/\/ibzviptransfer.com\/en\/#\/schema\/logo\/image\/"},"sameAs":["https:\/\/www.facebook.com\/ibzviptransfer","https:\/\/x.com\/ibzviptransfer","https:\/\/www.tiktok.com\/@ibzviptransfer","https:\/\/www.instagram.com\/ibzviptransfer\/","https:\/\/www.linkedin.com\/company\/92787966\/admin\/?feedType=following"]}]}},"_links":{"self":[{"href":"https:\/\/ibzviptransfer.com\/en\/wp-json\/wp\/v2\/pages\/10909"}],"collection":[{"href":"https:\/\/ibzviptransfer.com\/en\/wp-json\/wp\/v2\/pages"}],"about":[{"href":"https:\/\/ibzviptransfer.com\/en\/wp-json\/wp\/v2\/types\/page"}],"author":[{"embeddable":true,"href":"https:\/\/ibzviptransfer.com\/en\/wp-json\/wp\/v2\/users\/1"}],"replies":[{"embeddable":true,"href":"https:\/\/ibzviptransfer.com\/en\/wp-json\/wp\/v2\/comments?post=10909"}],"version-history":[{"count":1,"href":"https:\/\/ibzviptransfer.com\/en\/wp-json\/wp\/v2\/pages\/10909\/revisions"}],"predecessor-version":[{"id":11599,"href":"https:\/\/ibzviptransfer.com\/en\/wp-json\/wp\/v2\/pages\/10909\/revisions\/11599"}],"wp:attachment":[{"href":"https:\/\/ibzviptransfer.com\/en\/wp-json\/wp\/v2\/media?parent=10909"}],"curies":[{"name":"wp","href":"https:\/\/api.w.org\/{rel}","templated":true}]}}